{"id":1291,"date":"2021-08-24T20:06:26","date_gmt":"2021-08-24T18:06:26","guid":{"rendered":"https:\/\/wertxpertise.de\/?page_id=1291"},"modified":"2021-12-12T09:05:53","modified_gmt":"2021-12-12T08:05:53","slug":"news-blog","status":"publish","type":"page","link":"https:\/\/wertxpertise.de\/index.php\/news-blog\/","title":{"rendered":"News Blog"},"content":{"rendered":"<p><div class=\"fusion-fullwidth fullwidth-box fusion-builder-row-1 fusion-flex-container nonhundred-percent-fullwidth non-hundred-percent-height-scrolling\" style=\"--awb-border-radius-top-left:0px;--awb-border-radius-top-right:0px;--awb-border-radius-bottom-right:0px;--awb-border-radius-bottom-left:0px;--awb-flex-wrap:wrap;\" ><div class=\"fusion-builder-row fusion-row fusion-flex-align-items-flex-start fusion-flex-content-wrap\" style=\"max-width:1216.8px;margin-left: calc(-4% \/ 2 );margin-right: calc(-4% \/ 2 );\"><div class=\"fusion-layout-column fusion_builder_column fusion-builder-column-0 fusion_builder_column_1_1 1_1 fusion-flex-column\" style=\"--awb-bg-size:cover;--awb-width-large:100%;--awb-margin-top-large:0px;--awb-spacing-right-large:1.92%;--awb-margin-bottom-large:20px;--awb-spacing-left-large:1.92%;--awb-width-medium:100%;--awb-order-medium:0;--awb-spacing-right-medium:1.92%;--awb-spacing-left-medium:1.92%;--awb-width-small:100%;--awb-order-small:0;--awb-spacing-right-small:1.92%;--awb-spacing-left-small:1.92%;\"><div class=\"fusion-column-wrapper fusion-column-has-shadow fusion-flex-justify-content-flex-start fusion-content-layout-column\"><script type=\"text\/javascript\">jQuery(function() { _initLayerSlider( '#layerslider_6_92t10kr4tt84', {createdWith: '6.5.202', sliderVersion: '6.11.9', type: 'fullwidth', fullSizeMode: 'hero', allowFullscreen: true, maxRatio: 1, skin: 'noskin', sliderFadeInDuration: 350, navPrevNext: false, hoverPrevNext: false, navStartStop: false, navButtons: false, showCircleTimer: false, useSrcset: true, skinsPath: 'https:\/\/wertxpertise.de\/wp-content\/plugins\/LayerSlider\/assets\/static\/layerslider\/skins\/', performanceMode: true}); });<\/script><link href=\"https:\/\/fonts.googleapis.com\/css?family=Montserrat:100,100i,200,200i,300,300i,400,400i,500,500i,600,600i,700,700i,800,800i,900,900i\" rel=\"stylesheet\"><div id=\"layerslider_6_92t10kr4tt84\"  class=\"ls-wp-container fitvidsignore ls-selectable\" style=\"width:1280px;height:600px;margin:0 auto;margin-bottom: 0px;\"><div class=\"ls-slide\" data-ls=\"duration:6000;transition2d:11,54;timeshift:-1000;kenburnszoom:out;kenburnsscale:1.1;\"><img decoding=\"async\" width=\"1808\" height=\"813\" src=\"https:\/\/wertxpertise.de\/wp-content\/uploads\/2021\/09\/Homepagescreenshot-e1638551367972.jpg\" class=\"disable-lazyload ls-bg\" alt=\"\" srcset=\"https:\/\/wertxpertise.de\/wp-content\/uploads\/2021\/09\/Homepagescreenshot-e1638551367972-200x90.jpg 200w, https:\/\/wertxpertise.de\/wp-content\/uploads\/2021\/09\/Homepagescreenshot-e1638551367972-300x135.jpg 300w, https:\/\/wertxpertise.de\/wp-content\/uploads\/2021\/09\/Homepagescreenshot-e1638551367972-400x180.jpg 400w, https:\/\/wertxpertise.de\/wp-content\/uploads\/2021\/09\/Homepagescreenshot-e1638551367972-600x270.jpg 600w, https:\/\/wertxpertise.de\/wp-content\/uploads\/2021\/09\/Homepagescreenshot-e1638551367972-768x345.jpg 768w, https:\/\/wertxpertise.de\/wp-content\/uploads\/2021\/09\/Homepagescreenshot-e1638551367972-800x360.jpg 800w, https:\/\/wertxpertise.de\/wp-content\/uploads\/2021\/09\/Homepagescreenshot-e1638551367972-1024x460.jpg 1024w, https:\/\/wertxpertise.de\/wp-content\/uploads\/2021\/09\/Homepagescreenshot-e1638551367972-1200x540.jpg 1200w, https:\/\/wertxpertise.de\/wp-content\/uploads\/2021\/09\/Homepagescreenshot-e1638551367972-1536x691.jpg 1536w, https:\/\/wertxpertise.de\/wp-content\/uploads\/2021\/09\/Homepagescreenshot-e1638551367972.jpg 1808w\" sizes=\"(max-width: 1808px) 100vw, 1808px\" \/><img decoding=\"async\" width=\"1280\" height=\"600\" src=\"https:\/\/wertxpertise.de\/wp-content\/uploads\/2021\/12\/ls-slider-6-slide-1.jpg\" class=\"disable-lazyload ls-tn\" alt=\"\" srcset=\"https:\/\/wertxpertise.de\/wp-content\/uploads\/2021\/12\/ls-slider-6-slide-1-200x94.jpg 200w, https:\/\/wertxpertise.de\/wp-content\/uploads\/2021\/12\/ls-slider-6-slide-1-300x141.jpg 300w, https:\/\/wertxpertise.de\/wp-content\/uploads\/2021\/12\/ls-slider-6-slide-1-400x188.jpg 400w, https:\/\/wertxpertise.de\/wp-content\/uploads\/2021\/12\/ls-slider-6-slide-1-600x281.jpg 600w, https:\/\/wertxpertise.de\/wp-content\/uploads\/2021\/12\/ls-slider-6-slide-1-768x360.jpg 768w, https:\/\/wertxpertise.de\/wp-content\/uploads\/2021\/12\/ls-slider-6-slide-1-800x375.jpg 800w, https:\/\/wertxpertise.de\/wp-content\/uploads\/2021\/12\/ls-slider-6-slide-1-1024x480.jpg 1024w, https:\/\/wertxpertise.de\/wp-content\/uploads\/2021\/12\/ls-slider-6-slide-1-1200x563.jpg 1200w, https:\/\/wertxpertise.de\/wp-content\/uploads\/2021\/12\/ls-slider-6-slide-1.jpg 1280w\" sizes=\"(max-width: 1280px) 100vw, 1280px\" \/><div style=\"margin-top: -100px;\nmargin-left: -100px;left:100%;text-align:initial;font-weight:500;font-style:normal;text-decoration:none;mix-blend-mode:normal;width:300px;font-size:12px;font-family:Montserrat;line-height:25px;letter-spacing:3px;top:100%;height:150px;padding-top:50px;padding-right:50px;padding-bottom:50px;padding-left:50px;background-color:rgba(255, 255, 255, 0.55);color:rgba(255, 255, 255, 0.74);white-space:normal;\" class=\"ls-l ls-html-layer\" data-ls=\"offsetxin:right;offsetxout:right;static:forever;position:fixed;\"><\/div><div style=\"margin-top: -100px;\nmargin-left: -100px;top:100%;left:100%;text-align:initial;font-weight:400;font-style:normal;text-decoration:none;mix-blend-mode:normal;height:150px;width:300px;padding-top:50px;padding-right:50px;padding-bottom:50px;padding-left:50px;font-family:Montserrat;font-size:18px;line-height:30px;letter-spacing:3px;white-space:normal;\" class=\"ls-l ls-html-layer\" data-ls=\"position:fixed;\"><font color=\"b3102f\">NEWS BLOG<\/font><br>Wir informieren Sie regelm\u00e4\u00dfig \u00fcber relevante Neuigkeiten vom <b>Immobilienmarkt<\/b><\/div><\/div><\/div><\/div><\/div><\/div><\/div><div class=\"fusion-fullwidth fullwidth-box fusion-builder-row-2 fusion-flex-container nonhundred-percent-fullwidth non-hundred-percent-height-scrolling\" style=\"--awb-border-radius-top-left:0px;--awb-border-radius-top-right:0px;--awb-border-radius-bottom-right:0px;--awb-border-radius-bottom-left:0px;--awb-padding-top:57px;--awb-flex-wrap:wrap;\" ><div class=\"fusion-builder-row fusion-row fusion-flex-align-items-flex-start fusion-flex-content-wrap\" style=\"max-width:1216.8px;margin-left: calc(-4% \/ 2 );margin-right: calc(-4% \/ 2 );\"><div class=\"fusion-layout-column fusion_builder_column fusion-builder-column-1 fusion_builder_column_1_1 1_1 fusion-flex-column\" style=\"--awb-bg-size:cover;--awb-width-large:100%;--awb-margin-top-large:0px;--awb-spacing-right-large:1.92%;--awb-margin-bottom-large:20px;--awb-spacing-left-large:1.92%;--awb-width-medium:100%;--awb-order-medium:0;--awb-spacing-right-medium:1.92%;--awb-spacing-left-medium:1.92%;--awb-width-small:100%;--awb-order-small:0;--awb-spacing-right-small:1.92%;--awb-spacing-left-small:1.92%;\"><div class=\"fusion-column-wrapper fusion-column-has-shadow fusion-flex-justify-content-flex-start fusion-content-layout-column\"><div class=\"fusion-blog-shortcode fusion-blog-shortcode-1 fusion-blog-archive fusion-blog-layout-medium-alternate fusion-blog-pagination\"><div class=\"fusion-posts-container fusion-posts-container-pagination fusion-blog-rollover\" data-pages=\"2\"><article id=\"blog-1-post-2228\" class=\"fusion-post-medium-alternate post-2228 post type-post status-publish format-standard hentry category-allgemein\">\n<div class=\"fusion-date-and-formats\"><div class=\"fusion-date-box updated\"><span class=\"fusion-date\">18<\/span><span class=\"fusion-month-year\">02, 2022<\/span><\/div><div class=\"fusion-format-box\"><i class=\"awb-icon-pen\" aria-hidden=\"true\"><\/i><\/div><\/div>\t<style type=\"text\/css\">\n\t\t\n\t\t\n\t\t\n\t\t\n\t\t\t<\/style>\n\n\n<div class=\"fusion-post-content post-content\"><h2 class=\"blog-shortcode-post-title entry-title\"><a href=\"https:\/\/wertxpertise.de\/index.php\/2022\/02\/18\/vollgeschoss-staffelgeschoss\/\">Vollgeschoss &#8211; Staffelgeschoss<\/a><\/h2><p class=\"fusion-single-line-meta\">By <span class=\"vcard\"><span class=\"fn\"><a href=\"https:\/\/wertxpertise.de\/index.php\/author\/lars\/\" title=\"Beitr\u00e4ge von Lars\" rel=\"author\">Lars<\/a><\/span><\/span><span class=\"fusion-inline-sep\">|<\/span><span class=\"updated\" style=\"display:none;\">2022-02-18T14:45:45+01:00<\/span><span>Februar 18th, 2022<\/span><span class=\"fusion-inline-sep\">|<\/span>Categories: <a href=\"https:\/\/wertxpertise.de\/index.php\/category\/allgemein\/\" rel=\"category tag\">Allgemein<\/a><span class=\"fusion-inline-sep\">|<\/span><span class=\"fusion-comments\"><a href=\"https:\/\/wertxpertise.de\/index.php\/2022\/02\/18\/vollgeschoss-staffelgeschoss\/#respond\">0 Comments<\/a><\/span><\/p><div class=\"fusion-post-content-container\"><p>Wie und wo ist ein Vollgeschoss definiert.<\/p><\/div><\/div><div class=\"fusion-clearfix\"><\/div><div class=\"fusion-meta-info\"><div class=\"fusion-alignright\"><a class=\"fusion-read-more\" href=\"https:\/\/wertxpertise.de\/index.php\/2022\/02\/18\/vollgeschoss-staffelgeschoss\/\" aria-label=\"More on Vollgeschoss &#8211; Staffelgeschoss\">Read More<\/a><\/div><\/div><\/article>\n<article id=\"blog-1-post-2225\" class=\"fusion-post-medium-alternate post-2225 post type-post status-publish format-standard hentry category-allgemein\">\n<div class=\"fusion-date-and-formats\"><div class=\"fusion-date-box updated\"><span class=\"fusion-date\">18<\/span><span class=\"fusion-month-year\">02, 2022<\/span><\/div><div class=\"fusion-format-box\"><i class=\"awb-icon-pen\" aria-hidden=\"true\"><\/i><\/div><\/div>\t<style type=\"text\/css\">\n\t\t\n\t\t\n\t\t\n\t\t\n\t\t\t<\/style>\n\n\n<div class=\"fusion-post-content post-content\"><h2 class=\"blog-shortcode-post-title entry-title\"><a href=\"https:\/\/wertxpertise.de\/index.php\/2022\/02\/18\/flaechennutzungsplan-der-gemeinde-laboe-grundlage-zukuenftiger-baulicher-entwicklung\/\">Fl\u00e4chennutzungsplan der Gemeinde Laboe &#8211; Grundlage zuk\u00fcnftiger baulicher Entwicklung<\/a><\/h2><p class=\"fusion-single-line-meta\">By <span class=\"vcard\"><span class=\"fn\"><a href=\"https:\/\/wertxpertise.de\/index.php\/author\/lars\/\" title=\"Beitr\u00e4ge von Lars\" rel=\"author\">Lars<\/a><\/span><\/span><span class=\"fusion-inline-sep\">|<\/span><span class=\"updated\" style=\"display:none;\">2022-02-18T13:15:19+01:00<\/span><span>Februar 18th, 2022<\/span><span class=\"fusion-inline-sep\">|<\/span>Categories: <a href=\"https:\/\/wertxpertise.de\/index.php\/category\/allgemein\/\" rel=\"category tag\">Allgemein<\/a><span class=\"fusion-inline-sep\">|<\/span><span class=\"fusion-comments\"><a href=\"https:\/\/wertxpertise.de\/index.php\/2022\/02\/18\/flaechennutzungsplan-der-gemeinde-laboe-grundlage-zukuenftiger-baulicher-entwicklung\/#respond\">0 Comments<\/a><\/span><\/p><div class=\"fusion-post-content-container\"><p>Allgemein: Zitat Homepage Kreis Pl\u00f6n\" .....Der Fl\u00e4chennutzungsplan ist der vorbereitende Bauleitplan (st\u00e4dtebaulicher Rahmenplan) der Gemeinde. Er enth\u00e4lt die von der planenden Gemeinde gewollten und f\u00fcr die einzelnen Fl\u00e4chen differenzierten, st\u00e4dtebaulichen Nutzungen. Das k\u00f6nnen zum Beispiel sein: [...]<\/p><\/div><\/div><div class=\"fusion-clearfix\"><\/div><div class=\"fusion-meta-info\"><div class=\"fusion-alignright\"><a class=\"fusion-read-more\" href=\"https:\/\/wertxpertise.de\/index.php\/2022\/02\/18\/flaechennutzungsplan-der-gemeinde-laboe-grundlage-zukuenftiger-baulicher-entwicklung\/\" aria-label=\"More on Fl\u00e4chennutzungsplan der Gemeinde Laboe &#8211; Grundlage zuk\u00fcnftiger baulicher Entwicklung\">Read More<\/a><\/div><\/div><\/article>\n<article id=\"blog-1-post-2221\" class=\"fusion-post-medium-alternate post-2221 post type-post status-publish format-standard hentry category-allgemein category-tuturials\">\n<div class=\"fusion-date-and-formats\"><div class=\"fusion-date-box updated\"><span class=\"fusion-date\">18<\/span><span class=\"fusion-month-year\">02, 2022<\/span><\/div><div class=\"fusion-format-box\"><i class=\"awb-icon-pen\" aria-hidden=\"true\"><\/i><\/div><\/div>\t<style type=\"text\/css\">\n\t\t\n\t\t\n\t\t\n\t\t\n\t\t\t<\/style>\n\n\n<div class=\"fusion-post-content post-content\"><h2 class=\"blog-shortcode-post-title entry-title\"><a href=\"https:\/\/wertxpertise.de\/index.php\/2022\/02\/18\/baumoeglichkeiten-auf-einem-grundstueck-bebauungsplan-einfuegen-in-die-umgebung-dachform\/\">Baum\u00f6glichkeiten auf einem Grundst\u00fcck &#8211; Bebauungsplan &#8211; Einf\u00fcgen in die Umgebung &#8211; Dachform<\/a><\/h2><p class=\"fusion-single-line-meta\">By <span class=\"vcard\"><span class=\"fn\"><a href=\"https:\/\/wertxpertise.de\/index.php\/author\/lars\/\" title=\"Beitr\u00e4ge von Lars\" rel=\"author\">Lars<\/a><\/span><\/span><span class=\"fusion-inline-sep\">|<\/span><span class=\"updated\" style=\"display:none;\">2022-02-18T12:48:57+01:00<\/span><span>Februar 18th, 2022<\/span><span class=\"fusion-inline-sep\">|<\/span>Categories: <a href=\"https:\/\/wertxpertise.de\/index.php\/category\/allgemein\/\" rel=\"category tag\">Allgemein<\/a>, <a href=\"https:\/\/wertxpertise.de\/index.php\/category\/tuturials\/\" rel=\"category tag\">Tuturials<\/a><span class=\"fusion-inline-sep\">|<\/span><span class=\"fusion-comments\"><a href=\"https:\/\/wertxpertise.de\/index.php\/2022\/02\/18\/baumoeglichkeiten-auf-einem-grundstueck-bebauungsplan-einfuegen-in-die-umgebung-dachform\/#respond\">0 Comments<\/a><\/span><\/p><div class=\"fusion-post-content-container\"><p>Die beiden h\u00e4ufigsten Beurteilungen innerhalb einer Ortschaft erfolgen entweder in Geltungsbereich eines Bebauungsplanes (\u00a730 BauGB) oder wenn es kein Bebauungsplan gibt - \u00a0nach \u00a734 BauGB - Umgangssprachlich\u00a0 - das Bauvorhaben soll sich in die n\u00e4here Umgebung [...]<\/p><\/div><\/div><div class=\"fusion-clearfix\"><\/div><div class=\"fusion-meta-info\"><div class=\"fusion-alignright\"><a class=\"fusion-read-more\" href=\"https:\/\/wertxpertise.de\/index.php\/2022\/02\/18\/baumoeglichkeiten-auf-einem-grundstueck-bebauungsplan-einfuegen-in-die-umgebung-dachform\/\" aria-label=\"More on Baum\u00f6glichkeiten auf einem Grundst\u00fcck &#8211; Bebauungsplan &#8211; Einf\u00fcgen in die Umgebung &#8211; Dachform\">Read More<\/a><\/div><\/div><\/article>\n<article id=\"blog-1-post-2209\" class=\"fusion-post-medium-alternate post-2209 post type-post status-publish format-standard hentry category-tuturials\">\n<div class=\"fusion-date-and-formats\"><div class=\"fusion-date-box updated\"><span class=\"fusion-date\">16<\/span><span class=\"fusion-month-year\">02, 2022<\/span><\/div><div class=\"fusion-format-box\"><i class=\"awb-icon-pen\" aria-hidden=\"true\"><\/i><\/div><\/div>\t<style type=\"text\/css\">\n\t\t\n\t\t\n\t\t\n\t\t\n\t\t\t<\/style>\n\n\n<div class=\"fusion-post-content post-content\"><h2 class=\"blog-shortcode-post-title entry-title\"><a href=\"https:\/\/wertxpertise.de\/index.php\/2022\/02\/16\/herstellungswert-vers-marktwert\/\">Wie wirken Sie Modernisierungen auf den Marktwert aus<\/a><\/h2><p class=\"fusion-single-line-meta\">By <span class=\"vcard\"><span class=\"fn\"><a href=\"https:\/\/wertxpertise.de\/index.php\/author\/lars\/\" title=\"Beitr\u00e4ge von Lars\" rel=\"author\">Lars<\/a><\/span><\/span><span class=\"fusion-inline-sep\">|<\/span><span class=\"updated\" style=\"display:none;\">2022-02-17T12:31:52+01:00<\/span><span>Februar 16th, 2022<\/span><span class=\"fusion-inline-sep\">|<\/span>Categories: <a href=\"https:\/\/wertxpertise.de\/index.php\/category\/tuturials\/\" rel=\"category tag\">Tuturials<\/a><span class=\"fusion-inline-sep\">|<\/span><span class=\"fusion-comments\"><a href=\"https:\/\/wertxpertise.de\/index.php\/2022\/02\/16\/herstellungswert-vers-marktwert\/#respond\">0 Comments<\/a><\/span><\/p><div class=\"fusion-post-content-container\"><p>In der Immobilienbewertung kommen wir h\u00e4ufig an den Punkt, das Herstellungswerte zum Marktwert von Marktteilnehmern addiert werden. Ist das richtig oder falsch? Wer sich fragt wor\u00fcber ich rede, hier ein Beispiel. Eine Familie kauft eine Eigentumswohnung [...]<\/p><\/div><\/div><div class=\"fusion-clearfix\"><\/div><div class=\"fusion-meta-info\"><div class=\"fusion-alignright\"><a class=\"fusion-read-more\" href=\"https:\/\/wertxpertise.de\/index.php\/2022\/02\/16\/herstellungswert-vers-marktwert\/\" aria-label=\"More on Wie wirken Sie Modernisierungen auf den Marktwert aus\">Read More<\/a><\/div><\/div><\/article>\n<article id=\"blog-1-post-2203\" class=\"fusion-post-medium-alternate post-2203 post type-post status-publish format-standard hentry category-allgemein\">\n<div class=\"fusion-date-and-formats\"><div class=\"fusion-date-box updated\"><span class=\"fusion-date\">4<\/span><span class=\"fusion-month-year\">02, 2022<\/span><\/div><div class=\"fusion-format-box\"><i class=\"awb-icon-pen\" aria-hidden=\"true\"><\/i><\/div><\/div>\t<style type=\"text\/css\">\n\t\t\n\t\t\n\t\t\n\t\t\n\t\t\t<\/style>\n\n\n<div class=\"fusion-post-content post-content\"><h2 class=\"blog-shortcode-post-title entry-title\"><a href=\"https:\/\/wertxpertise.de\/index.php\/2022\/02\/04\/bauliche-entwicklungen-laboe\/\">Bauliche Entwicklungen Laboe<\/a><\/h2><p class=\"fusion-single-line-meta\">By <span class=\"vcard\"><span class=\"fn\"><a href=\"https:\/\/wertxpertise.de\/index.php\/author\/lars\/\" title=\"Beitr\u00e4ge von Lars\" rel=\"author\">Lars<\/a><\/span><\/span><span class=\"fusion-inline-sep\">|<\/span><span class=\"updated\" style=\"display:none;\">2022-02-06T09:44:51+01:00<\/span><span>Februar 4th, 2022<\/span><span class=\"fusion-inline-sep\">|<\/span>Categories: <a href=\"https:\/\/wertxpertise.de\/index.php\/category\/allgemein\/\" rel=\"category tag\">Allgemein<\/a><span class=\"fusion-inline-sep\">|<\/span><span class=\"fusion-comments\"><a href=\"https:\/\/wertxpertise.de\/index.php\/2022\/02\/04\/bauliche-entwicklungen-laboe\/#respond\">0 Comments<\/a><\/span><\/p><div class=\"fusion-post-content-container\"><p>Ich m\u00f6chte diesen Blogbeitrag nutzen, die bauliche Entwicklung Laboes einmal etwas zu beschreiben. \u00a0    <\/p><\/div><\/div><div class=\"fusion-clearfix\"><\/div><div class=\"fusion-meta-info\"><div class=\"fusion-alignright\"><a class=\"fusion-read-more\" href=\"https:\/\/wertxpertise.de\/index.php\/2022\/02\/04\/bauliche-entwicklungen-laboe\/\" aria-label=\"More on Bauliche Entwicklungen Laboe\">Read More<\/a><\/div><\/div><\/article>\n<article id=\"blog-1-post-2193\" class=\"fusion-post-medium-alternate post-2193 post type-post status-publish format-standard hentry category-allgemein\">\n<div class=\"fusion-date-and-formats\"><div class=\"fusion-date-box updated\"><span class=\"fusion-date\">4<\/span><span class=\"fusion-month-year\">02, 2022<\/span><\/div><div class=\"fusion-format-box\"><i class=\"awb-icon-pen\" aria-hidden=\"true\"><\/i><\/div><\/div>\t<style type=\"text\/css\">\n\t\t\n\t\t\n\t\t\n\t\t\n\t\t\t<\/style>\n\n\n<div class=\"fusion-post-content post-content\"><h2 class=\"blog-shortcode-post-title entry-title\"><a href=\"https:\/\/wertxpertise.de\/index.php\/2022\/02\/04\/kaufpreissammlung-vom-gutachteraussschuss-was-ist-das\/\">Kaufpreissammlung vom Gutachteraussschuss &#8211; was ist das?<\/a><\/h2><p class=\"fusion-single-line-meta\">By <span class=\"vcard\"><span class=\"fn\"><a href=\"https:\/\/wertxpertise.de\/index.php\/author\/lars\/\" title=\"Beitr\u00e4ge von Lars\" rel=\"author\">Lars<\/a><\/span><\/span><span class=\"fusion-inline-sep\">|<\/span><span class=\"updated\" style=\"display:none;\">2022-02-04T13:04:54+01:00<\/span><span>Februar 4th, 2022<\/span><span class=\"fusion-inline-sep\">|<\/span>Categories: <a href=\"https:\/\/wertxpertise.de\/index.php\/category\/allgemein\/\" rel=\"category tag\">Allgemein<\/a><span class=\"fusion-inline-sep\">|<\/span><span class=\"fusion-comments\"><a href=\"https:\/\/wertxpertise.de\/index.php\/2022\/02\/04\/kaufpreissammlung-vom-gutachteraussschuss-was-ist-das\/#respond\">0 Comments<\/a><\/span><\/p><div class=\"fusion-post-content-container\"><p>Eigentlich gar nicht so schwer. Man kann es sich wie eine Datenbank bzw. gro\u00dfe Exceltabelle vorstellen, in die die Daten aus den eingereichten Kaufvertr\u00e4gen eingetragen werden. Es werden Daten wie z.B. Kaufvertragsdatum, Stra\u00dfe, Hausnummer, Art des [...]<\/p><\/div><\/div><div class=\"fusion-clearfix\"><\/div><div class=\"fusion-meta-info\"><div class=\"fusion-alignright\"><a class=\"fusion-read-more\" href=\"https:\/\/wertxpertise.de\/index.php\/2022\/02\/04\/kaufpreissammlung-vom-gutachteraussschuss-was-ist-das\/\" aria-label=\"More on Kaufpreissammlung vom Gutachteraussschuss &#8211; was ist das?\">Read More<\/a><\/div><\/div><\/article>\n<\/div><div class=\"pagination clearfix\"><span class=\"current\">1<\/span><a href=\"https:\/\/wertxpertise.de\/index.php\/wp-json\/wp\/v2\/pages\/1291\/page\/2\/\" class=\"inactive\">2<\/a><a class=\"pagination-next\" rel=\"next\" href=\"https:\/\/wertxpertise.de\/index.php\/wp-json\/wp\/v2\/pages\/1291\/page\/2\/\"><span class=\"page-text\">Vor<\/span><span class=\"page-next\"><\/span><\/a><\/div><div class=\"fusion-clearfix\"><\/div><\/div><\/div><\/div><\/div><\/div><\/p>\n","protected":false},"excerpt":{"rendered":"","protected":false},"author":2,"featured_media":0,"parent":0,"menu_order":0,"comment_status":"closed","ping_status":"closed","template":"100-width.php","meta":{"_acf_changed":false,"_bbp_topic_count":0,"_bbp_reply_count":0,"_bbp_total_topic_count":0,"_bbp_total_reply_count":0,"_bbp_voice_count":0,"_bbp_anonymous_reply_count":0,"_bbp_topic_count_hidden":0,"_bbp_reply_count_hidden":0,"_bbp_forum_subforum_count":0,"footnotes":""},"class_list":["post-1291","page","type-page","status-publish","hentry"],"acf":[],"_links":{"self":[{"href":"https:\/\/wertxpertise.de\/index.php\/wp-json\/wp\/v2\/pages\/1291","targetHints":{"allow":["GET"]}}],"collection":[{"href":"https:\/\/wertxpertise.de\/index.php\/wp-json\/wp\/v2\/pages"}],"about":[{"href":"https:\/\/wertxpertise.de\/index.php\/wp-json\/wp\/v2\/types\/page"}],"author":[{"embeddable":true,"href":"https:\/\/wertxpertise.de\/index.php\/wp-json\/wp\/v2\/users\/2"}],"replies":[{"embeddable":true,"href":"https:\/\/wertxpertise.de\/index.php\/wp-json\/wp\/v2\/comments?post=1291"}],"version-history":[{"count":23,"href":"https:\/\/wertxpertise.de\/index.php\/wp-json\/wp\/v2\/pages\/1291\/revisions"}],"predecessor-version":[{"id":2249,"href":"https:\/\/wertxpertise.de\/index.php\/wp-json\/wp\/v2\/pages\/1291\/revisions\/2249"}],"wp:attachment":[{"href":"https:\/\/wertxpertise.de\/index.php\/wp-json\/wp\/v2\/media?parent=1291"}],"curies":[{"name":"wp","href":"https:\/\/api.w.org\/{rel}","templated":true}]}}