{"id":569,"date":"2021-01-21T11:28:34","date_gmt":"2021-01-21T10:28:34","guid":{"rendered":"https:\/\/wertxpertise.de\/beispielhomepage_etw_2\/?page_id=569"},"modified":"2022-04-20T12:33:38","modified_gmt":"2022-04-20T10:33:38","slug":"impressum","status":"publish","type":"page","link":"https:\/\/wertxpertise.de\/beispielhomepage_etw_2\/index.php\/impressum\/","title":{"rendered":"Impressum"},"content":{"rendered":"\t\t<div data-elementor-type=\"wp-post\" data-elementor-id=\"569\" class=\"elementor elementor-569\">\n\t\t\t\t\t\t<section class=\"elementor-section elementor-top-section elementor-element elementor-element-d000c88 elementor-section-boxed elementor-section-height-default elementor-section-height-default\" data-id=\"d000c88\" data-element_type=\"section\" data-e-type=\"section\">\n\t\t\t\t\t\t<div class=\"elementor-container elementor-column-gap-default\">\n\t\t\t\t\t<div class=\"elementor-column elementor-col-100 elementor-top-column elementor-element elementor-element-6ffe240\" data-id=\"6ffe240\" data-element_type=\"column\" data-e-type=\"column\">\n\t\t\t<div class=\"elementor-widget-wrap elementor-element-populated\">\n\t\t\t\t\t\t<div class=\"elementor-element elementor-element-524777d elementor-widget elementor-widget-heading\" data-id=\"524777d\" data-element_type=\"widget\" data-e-type=\"widget\" data-widget_type=\"heading.default\">\n\t\t\t\t<div class=\"elementor-widget-container\">\n\t\t\t\t\t<h2 class=\"elementor-heading-title elementor-size-default\">IMPRESSUM<\/h2>\t\t\t\t<\/div>\n\t\t\t\t<\/div>\n\t\t\t\t\t<\/div>\n\t\t<\/div>\n\t\t\t\t\t<\/div>\n\t\t<\/section>\n\t\t\t\t<section class=\"elementor-section elementor-top-section elementor-element elementor-element-c050d8d elementor-section-boxed elementor-section-height-default elementor-section-height-default\" data-id=\"c050d8d\" data-element_type=\"section\" data-e-type=\"section\">\n\t\t\t\t\t\t<div class=\"elementor-container elementor-column-gap-default\">\n\t\t\t\t\t<div class=\"elementor-column elementor-col-100 elementor-top-column elementor-element elementor-element-5625425\" data-id=\"5625425\" data-element_type=\"column\" data-e-type=\"column\">\n\t\t\t<div class=\"elementor-widget-wrap elementor-element-populated\">\n\t\t\t\t\t\t<div class=\"elementor-element elementor-element-1b4d0f1 elementor-widget elementor-widget-text-editor\" data-id=\"1b4d0f1\" data-element_type=\"widget\" data-e-type=\"widget\" data-widget_type=\"text-editor.default\">\n\t\t\t\t<div class=\"elementor-widget-container\">\n\t\t\t\t\t\t\t\t\t<p><strong>Anbieter:<\/strong><\/p><div>WertXpertise e.K.<br \/>Inhaber Lars Reinke<br \/>Apfelgarten 15<br \/>24235 Laboe<\/div><div>Telefon Laboe: 04343 \/ 43 39 960<\/div><div><p>Telefon Hamburg: 040\/22 82 05 48<br \/>E-Mail: info@wertXpertise.de<br \/>Website: www.wertXpertise.de<\/p><p>Eingetragen Amtsgericht Kiel HRA10296 KI\u00a0<br \/>USt-IdNr.: DE297626690<\/p><\/div><div><p><strong>Erlaubnispflichtige T\u00e4tigkeit: T\u00e4tigkeit nach \u00a7 34c der Gewerbeordnung<\/strong><\/p><div><p>Erlaubnis nach \u00a734c (1) Nr. 1 und 3b Gewerbeordnung ausgestellt von der Freien und Hansestadt Hamburg Bezirksamt Eimsb\u00fcttel am 22.12.2014<\/p><p>Erlaubnis nach \u00a734c Absatz 1 Satz 1 Nummer 4 Gewerbeordnung, ausgestellt von der Freien und Hansestadt Hamburg Bezirksamt Atona<\/p><div><strong>Zust\u00e4ndige Aufsichtsbeh\u00f6rde:<\/strong><\/div><div>IHK zu Kiel, Bergstra\u00dfe 2, 24103 Kiel<\/div><p><strong>Bei redaktionellen Inhalten:<\/strong><\/p><p>Verantwortlich nach \u00a7 55 Abs.2 RStV<br \/>Lars Reinke<br \/>Apfergarten 15<br \/>24235 Laboe<\/p><p><b>Berufshaftpflichtversicherung:\u00a0<\/b>Gothaer Allgemeine Versicherung AG, Gothaer Allee 1, 50969 K\u00f6ln \/ vermittelt durch Funk Versicherungsmakler GmbH<\/p><p><b>Ombudsmann Immobilien IVD\/VPB \u2013 Informationspflicht nach \u00a7 36 VSBG:<\/b><br \/>Der Immobilienverband Deutschland IVD e.V. hat mit Beteiligung des Verbraucherverbandes Verband Privater Bauherren e.V. (VPB) eine Schlichtungsstelle nach Ma\u00dfgabe des Verbraucherstreitbeilegungsgesetzes (VSBG) eingerichtet. Vor der Schlichtungsstelle k\u00f6nnen u. a. Streitigkeiten zwischen Verbrauchern und Mitgliedern des IVD in einem au\u00dfergerichtlichen Schlichtungsverfahren beigelegt werden. Die WertXpertise e.K. ist Mitglied im IVD und aufgrund der Satzung des IVD verpflichtet, gegen\u00fcber der Ombudsstelle eine schriftliche Stellungnahme abzugeben, wenn diese ein Verfahren einleitet.<\/p><p>An Schlichtungsverfahren bei anderen Schlichtungsstellen nimmt die WertXpertise e.K. grunds\u00e4tzlich nicht teil. Die Anschrift der Schlichtungsstelle des IVD lautet: Ombudsmann Immobilien IVD\/VPB \u2013 Grunderwerb und -verwaltung, Littenstra\u00dfe 10, 10179 Berlin. Weitere Informationen zur Schlichtungsstelle (z.B. weitere Kommunikationsdaten, Verfahrensordnung) erhalten Sie unter www.ombudsmann-immobilien.net.<\/p><p><b>Streitschlichtung<br \/><\/b>Die Europ\u00e4ische Kommission stellt eine Plattform zur Online-Streitbeilegung (OS) bereit: https:\/\/ec.europa.eu\/consumers\/odr.<\/p><p>Unsere E-Mail-Adresse finden Sie oben im Impressum.<\/p><p>Wir sind nicht bereit oder verpflichtet, an Streitbeilegungsverfahren vor einer Verbraucherschlichtungsstelle teilzunehmen.<\/p><\/div><\/div>\t\t\t\t\t\t\t\t<\/div>\n\t\t\t\t<\/div>\n\t\t\t\t\t<\/div>\n\t\t<\/div>\n\t\t\t\t\t<\/div>\n\t\t<\/section>\n\t\t\t\t<section class=\"elementor-section elementor-top-section elementor-element elementor-element-363b0ea1 elementor-section-boxed elementor-section-height-default elementor-section-height-default\" data-id=\"363b0ea1\" data-element_type=\"section\" data-e-type=\"section\">\n\t\t\t\t\t\t<div class=\"elementor-container elementor-column-gap-default\">\n\t\t\t\t\t<div class=\"elementor-column elementor-col-100 elementor-top-column elementor-element elementor-element-6d579237\" data-id=\"6d579237\" data-element_type=\"column\" data-e-type=\"column\">\n\t\t\t<div class=\"elementor-widget-wrap elementor-element-populated\">\n\t\t\t\t\t\t<div class=\"elementor-element elementor-element-4ee1109 elementor-widget-divider--view-line elementor-widget elementor-widget-divider\" data-id=\"4ee1109\" data-element_type=\"widget\" data-e-type=\"widget\" data-widget_type=\"divider.default\">\n\t\t\t\t<div class=\"elementor-widget-container\">\n\t\t\t\t\t\t\t<div class=\"elementor-divider\">\n\t\t\t<span class=\"elementor-divider-separator\">\n\t\t\t\t\t\t<\/span>\n\t\t<\/div>\n\t\t\t\t\t\t<\/div>\n\t\t\t\t<\/div>\n\t\t\t\t<div class=\"elementor-element elementor-element-4666e8f5 elementor-widget elementor-widget-heading\" data-id=\"4666e8f5\" data-element_type=\"widget\" data-e-type=\"widget\" data-widget_type=\"heading.default\">\n\t\t\t\t<div class=\"elementor-widget-container\">\n\t\t\t\t\t<h2 class=\"elementor-heading-title elementor-size-default\">Wertxpertise e.K<br>\nProfessionelle ImmobilienBeratung<\/h2>\t\t\t\t<\/div>\n\t\t\t\t<\/div>\n\t\t\t\t<div class=\"elementor-element elementor-element-3b15dc2f elementor-widget-divider--view-line elementor-widget elementor-widget-divider\" data-id=\"3b15dc2f\" data-element_type=\"widget\" data-e-type=\"widget\" data-widget_type=\"divider.default\">\n\t\t\t\t<div class=\"elementor-widget-container\">\n\t\t\t\t\t\t\t<div class=\"elementor-divider\">\n\t\t\t<span class=\"elementor-divider-separator\">\n\t\t\t\t\t\t<\/span>\n\t\t<\/div>\n\t\t\t\t\t\t<\/div>\n\t\t\t\t<\/div>\n\t\t\t\t\t<\/div>\n\t\t<\/div>\n\t\t\t\t\t<\/div>\n\t\t<\/section>\n\t\t\t\t<section class=\"elementor-section elementor-top-section elementor-element elementor-element-5280be1 elementor-section-content-middle elementor-section-boxed elementor-section-height-default elementor-section-height-default\" data-id=\"5280be1\" data-element_type=\"section\" data-e-type=\"section\">\n\t\t\t\t\t\t<div class=\"elementor-container elementor-column-gap-wider\">\n\t\t\t\t\t<div class=\"elementor-column elementor-col-50 elementor-top-column elementor-element elementor-element-4e9c559\" data-id=\"4e9c559\" data-element_type=\"column\" data-e-type=\"column\">\n\t\t\t<div class=\"elementor-widget-wrap elementor-element-populated\">\n\t\t\t\t\t\t<div class=\"elementor-element elementor-element-929f5e0 elementor-widget elementor-widget-heading\" data-id=\"929f5e0\" data-element_type=\"widget\" data-e-type=\"widget\" data-widget_type=\"heading.default\">\n\t\t\t\t<div class=\"elementor-widget-container\">\n\t\t\t\t\t<h2 class=\"elementor-heading-title elementor-size-default\">Lars Reinke<\/h2>\t\t\t\t<\/div>\n\t\t\t\t<\/div>\n\t\t\t\t<div class=\"elementor-element elementor-element-449f35e elementor-widget elementor-widget-heading\" data-id=\"449f35e\" data-element_type=\"widget\" data-e-type=\"widget\" data-widget_type=\"heading.default\">\n\t\t\t\t<div class=\"elementor-widget-container\">\n\t\t\t\t\t<h6 class=\"elementor-heading-title elementor-size-default\">Diplom Sachverst\u00e4ndiger (DIA) f\u00fcr die Bewertung von bebauten und unbebauten Grundst\u00fccken, Mieten und Pachten <\/h6>\t\t\t\t<\/div>\n\t\t\t\t<\/div>\n\t\t\t\t<div class=\"elementor-element elementor-element-6bb9416 elementor-widget elementor-widget-text-editor\" data-id=\"6bb9416\" data-element_type=\"widget\" data-e-type=\"widget\" data-widget_type=\"text-editor.default\">\n\t\t\t\t<div class=\"elementor-widget-container\">\n\t\t\t\t\t\t\t\t\t<p>Das Unternehmen WertXpertise e.K. besch\u00e4ftigt sich mit\u00a0<a title=\"Immobilienbewertung\" href=\"https:\/\/wertxpertise.de\/immobilienbewertung.html\">Immobilienbewertung<\/a> sowie der ganzheitlichen Beratung von Immobilieneigent\u00fcmern. Das Spektrum umfasst die tiefgehende Analyse der Einnahmen und Ausgaben sowie das Erarbeiten von Konzepten zur Wertsicherung und -steigerung Ihrer Immobilie. Wir begleiten Sie beim An &#8211; Verkauf von Immobilien. Wir begleiten Sie bei entsprechenden Projekten und beraten Sie mit unserer langj\u00e4hrigen Expertise gr\u00fcndlich und zuverl\u00e4ssig.<\/p><p>Durch die 20 j\u00e4hrige Berufserfahrung sind wir bestens im Immobilienmarkt vernetzt. Wir sind langj\u00e4hrig in einschl\u00e4gigen Berufsverb\u00e4nden (IVD, VHH, Grundeigent\u00fcmerverband, Mietgerichtsag) aktiv. Laufende Fort- und Weiterbildungen sichern den hohen Beratungsanspruch, den wir an uns selbst haben.\u00a0 \u00a0<\/p><p>Wir leben und handeln nach traditioneller, hanseatische Art. Gr\u00fcndlichkeit, Zuverl\u00e4ssigkeit und Termintreue ist selbstverst\u00e4ndlich. Wir kombinieren dieses Traditionelle mit der intensiven Nutzung modernster Techniken und Medien. 360 Grad Fotos, Drohnen Luftbilder, CAD Zeichnen sowie auch Onlinemarkting liefern wir aus einer Hand.<\/p>\t\t\t\t\t\t\t\t<\/div>\n\t\t\t\t<\/div>\n\t\t\t\t<div class=\"elementor-element elementor-element-735948f elementor-widget elementor-widget-accordion\" data-id=\"735948f\" data-element_type=\"widget\" data-e-type=\"widget\" data-widget_type=\"accordion.default\">\n\t\t\t\t<div class=\"elementor-widget-container\">\n\t\t\t\t\t\t\t<div class=\"elementor-accordion\">\n\t\t\t\t\t\t\t<div class=\"elementor-accordion-item\">\n\t\t\t\t\t<div id=\"elementor-tab-title-1201\" class=\"elementor-tab-title\" data-tab=\"1\" role=\"button\" aria-controls=\"elementor-tab-content-1201\" aria-expanded=\"false\">\n\t\t\t\t\t\t\t\t\t\t\t\t\t<span class=\"elementor-accordion-icon elementor-accordion-icon-left\" aria-hidden=\"true\">\n\t\t\t\t\t\t\t\t\t\t\t\t\t\t\t<span class=\"elementor-accordion-icon-closed\"><i class=\"fas fa-plus\"><\/i><\/span>\n\t\t\t\t\t\t\t\t<span class=\"elementor-accordion-icon-opened\"><i class=\"fas fa-minus\"><\/i><\/span>\n\t\t\t\t\t\t\t\t\t\t\t\t\t\t<\/span>\n\t\t\t\t\t\t\t\t\t\t\t\t<a class=\"elementor-accordion-title\" tabindex=\"0\">Vita<\/a>\n\t\t\t\t\t<\/div>\n\t\t\t\t\t<div id=\"elementor-tab-content-1201\" class=\"elementor-tab-content elementor-clearfix\" data-tab=\"1\" role=\"region\" aria-labelledby=\"elementor-tab-title-1201\"><ul><li>2009 Dipl. Sachverst\u00e4ndiger (DIA) f\u00fcr die die Bewertung von bebauten und unbebauten Grundst\u00fccken, Mieten und Pachten<\/li><li>2006 Dipl. Immobilienwirt (DIA)<\/li><li>2006 Immobilienwirt (DIA)<\/li><li>2006 Immobilienfachwirt (IHK)<\/li><li>2004 Kaufmann der Grundst\u00fccks- und Wohnungswirtschaft<\/li><\/ul><\/div>\n\t\t\t\t<\/div>\n\t\t\t\t\t\t\t\t<\/div>\n\t\t\t\t\t\t<\/div>\n\t\t\t\t<\/div>\n\t\t\t\t<div class=\"elementor-element elementor-element-f03432c elementor-widget-divider--view-line elementor-widget elementor-widget-divider\" data-id=\"f03432c\" data-element_type=\"widget\" data-e-type=\"widget\" data-widget_type=\"divider.default\">\n\t\t\t\t<div class=\"elementor-widget-container\">\n\t\t\t\t\t\t\t<div class=\"elementor-divider\">\n\t\t\t<span class=\"elementor-divider-separator\">\n\t\t\t\t\t\t<\/span>\n\t\t<\/div>\n\t\t\t\t\t\t<\/div>\n\t\t\t\t<\/div>\n\t\t\t\t<div class=\"elementor-element elementor-element-aee51b4 elementor-widget elementor-widget-heading\" data-id=\"aee51b4\" data-element_type=\"widget\" data-e-type=\"widget\" data-widget_type=\"heading.default\">\n\t\t\t\t<div class=\"elementor-widget-container\">\n\t\t\t\t\t<h2 class=\"elementor-heading-title elementor-size-default\">Fort- und Weiterbildungen<\/h2>\t\t\t\t<\/div>\n\t\t\t\t<\/div>\n\t\t\t\t<div class=\"elementor-element elementor-element-30538b3 elementor-widget elementor-widget-toggle\" data-id=\"30538b3\" data-element_type=\"widget\" data-e-type=\"widget\" data-widget_type=\"toggle.default\">\n\t\t\t\t<div class=\"elementor-widget-container\">\n\t\t\t\t\t\t\t<div class=\"elementor-toggle\">\n\t\t\t\t\t\t\t<div class=\"elementor-toggle-item\">\n\t\t\t\t\t<div id=\"elementor-tab-title-5061\" class=\"elementor-tab-title\" data-tab=\"1\" role=\"button\" aria-controls=\"elementor-tab-content-5061\" aria-expanded=\"false\">\n\t\t\t\t\t\t\t\t\t\t\t\t<span class=\"elementor-toggle-icon elementor-toggle-icon-left\" aria-hidden=\"true\">\n\t\t\t\t\t\t\t\t\t\t\t\t\t\t\t<span class=\"elementor-toggle-icon-closed\"><i class=\"fas fa-caret-right\"><\/i><\/span>\n\t\t\t\t\t\t\t\t<span class=\"elementor-toggle-icon-opened\"><i class=\"elementor-toggle-icon-opened fas fa-caret-up\"><\/i><\/span>\n\t\t\t\t\t\t\t\t\t\t\t\t\t<\/span>\n\t\t\t\t\t\t\t\t\t\t\t\t<a class=\"elementor-toggle-title\" tabindex=\"0\">2020<\/a>\n\t\t\t\t\t<\/div>\n\n\t\t\t\t\t<div id=\"elementor-tab-content-5061\" class=\"elementor-tab-content elementor-clearfix\" data-tab=\"1\" role=\"region\" aria-labelledby=\"elementor-tab-title-5061\">Lorem ipsum dolor sit amet, consectetur adipiscing elit. Ut elit tellus, luctus nec ullamcorper mattis, pulvinar dapibus leo.<\/div>\n\t\t\t\t<\/div>\n\t\t\t\t\t\t\t<div class=\"elementor-toggle-item\">\n\t\t\t\t\t<div id=\"elementor-tab-title-5062\" class=\"elementor-tab-title\" data-tab=\"2\" role=\"button\" aria-controls=\"elementor-tab-content-5062\" aria-expanded=\"false\">\n\t\t\t\t\t\t\t\t\t\t\t\t<span class=\"elementor-toggle-icon elementor-toggle-icon-left\" aria-hidden=\"true\">\n\t\t\t\t\t\t\t\t\t\t\t\t\t\t\t<span class=\"elementor-toggle-icon-closed\"><i class=\"fas fa-caret-right\"><\/i><\/span>\n\t\t\t\t\t\t\t\t<span class=\"elementor-toggle-icon-opened\"><i class=\"elementor-toggle-icon-opened fas fa-caret-up\"><\/i><\/span>\n\t\t\t\t\t\t\t\t\t\t\t\t\t<\/span>\n\t\t\t\t\t\t\t\t\t\t\t\t<a class=\"elementor-toggle-title\" tabindex=\"0\">2019<\/a>\n\t\t\t\t\t<\/div>\n\n\t\t\t\t\t<div id=\"elementor-tab-content-5062\" class=\"elementor-tab-content elementor-clearfix\" data-tab=\"2\" role=\"region\" aria-labelledby=\"elementor-tab-title-5062\">Inhalt umschalten<\/div>\n\t\t\t\t<\/div>\n\t\t\t\t\t\t\t\t<\/div>\n\t\t\t\t\t\t<\/div>\n\t\t\t\t<\/div>\n\t\t\t\t<div class=\"elementor-element elementor-element-c9f4b40 elementor-icon-list--layout-traditional elementor-list-item-link-full_width elementor-widget elementor-widget-icon-list\" data-id=\"c9f4b40\" data-element_type=\"widget\" data-e-type=\"widget\" data-widget_type=\"icon-list.default\">\n\t\t\t\t<div class=\"elementor-widget-container\">\n\t\t\t\t\t\t\t<ul class=\"elementor-icon-list-items\">\n\t\t\t\t\t\t\t<li class=\"elementor-icon-list-item\">\n\t\t\t\t\t\t\t\t\t\t\t<span class=\"elementor-icon-list-icon\">\n\t\t\t\t\t\t\t<i aria-hidden=\"true\" class=\"fas fa-phone\"><\/i>\t\t\t\t\t\t<\/span>\n\t\t\t\t\t\t\t\t\t\t<span class=\"elementor-icon-list-text\">040 - 22 82 05 48 <\/span>\n\t\t\t\t\t\t\t\t\t<\/li>\n\t\t\t\t\t\t\t\t<li class=\"elementor-icon-list-item\">\n\t\t\t\t\t\t\t\t\t\t\t<span class=\"elementor-icon-list-icon\">\n\t\t\t\t\t\t\t<i aria-hidden=\"true\" class=\"fas fa-envelope\"><\/i>\t\t\t\t\t\t<\/span>\n\t\t\t\t\t\t\t\t\t\t<span class=\"elementor-icon-list-text\">kontakt@wertxpertise.de<\/span>\n\t\t\t\t\t\t\t\t\t<\/li>\n\t\t\t\t\t\t\t\t<li class=\"elementor-icon-list-item\">\n\t\t\t\t\t\t\t\t\t\t\t<span class=\"elementor-icon-list-icon\">\n\t\t\t\t\t\t\t<i aria-hidden=\"true\" class=\"fas fa-globe\"><\/i>\t\t\t\t\t\t<\/span>\n\t\t\t\t\t\t\t\t\t\t<span class=\"elementor-icon-list-text\">www.wertxpertise.de<\/span>\n\t\t\t\t\t\t\t\t\t<\/li>\n\t\t\t\t\t\t<\/ul>\n\t\t\t\t\t\t<\/div>\n\t\t\t\t<\/div>\n\t\t\t\t\t<\/div>\n\t\t<\/div>\n\t\t\t\t<div class=\"elementor-column elementor-col-50 elementor-top-column elementor-element elementor-element-b31b3ef\" data-id=\"b31b3ef\" data-element_type=\"column\" data-e-type=\"column\">\n\t\t\t<div class=\"elementor-widget-wrap\">\n\t\t\t\t\t\t\t<\/div>\n\t\t<\/div>\n\t\t\t\t\t<\/div>\n\t\t<\/section>\n\t\t\t\t<section class=\"elementor-section elementor-top-section elementor-element elementor-element-ce1c0f6 elementor-section-boxed elementor-section-height-default elementor-section-height-default\" data-id=\"ce1c0f6\" data-element_type=\"section\" data-e-type=\"section\">\n\t\t\t\t\t\t<div class=\"elementor-container elementor-column-gap-default\">\n\t\t\t\t\t<div class=\"elementor-column elementor-col-100 elementor-top-column elementor-element elementor-element-4ee4963\" data-id=\"4ee4963\" data-element_type=\"column\" data-e-type=\"column\">\n\t\t\t<div class=\"elementor-widget-wrap elementor-element-populated\">\n\t\t\t\t\t\t<div class=\"elementor-element elementor-element-20d888c elementor-widget elementor-widget-image\" data-id=\"20d888c\" data-element_type=\"widget\" data-e-type=\"widget\" data-widget_type=\"image.default\">\n\t\t\t\t<div class=\"elementor-widget-container\">\n\t\t\t\t\t\t\t\t\t\t\t\t\t\t\t<img fetchpriority=\"high\" decoding=\"async\" width=\"667\" height=\"1000\" src=\"https:\/\/wertxpertise.de\/beispielhomepage_etw_2\/wp-content\/uploads\/2021\/12\/151A7065.jpg\" class=\"attachment-full size-full wp-image-2057\" alt=\"\" srcset=\"https:\/\/wertxpertise.de\/beispielhomepage_etw_2\/wp-content\/uploads\/2021\/12\/151A7065.jpg 667w, https:\/\/wertxpertise.de\/beispielhomepage_etw_2\/wp-content\/uploads\/2021\/12\/151A7065-200x300.jpg 200w\" sizes=\"(max-width: 667px) 100vw, 667px\" \/>\t\t\t\t\t\t\t\t\t\t\t\t\t\t\t<\/div>\n\t\t\t\t<\/div>\n\t\t\t\t\t<\/div>\n\t\t<\/div>\n\t\t\t\t\t<\/div>\n\t\t<\/section>\n\t\t\t\t<\/div>\n\t\t","protected":false},"excerpt":{"rendered":"<p>IMPRESSUM Anbieter: WertXpertise e.K.Inhaber Lars ReinkeApfelgarten 1524235 LaboeTelefon Laboe: 04343 \/ 43 39 960 Telefon Hamburg: 040\/22 82 05 48E-Mail: info@wertXpertise.deWebsite: www.wertXpertise.de Eingetragen Amtsgericht Kiel HRA10296 KI\u00a0USt-IdNr.: DE297626690 Erlaubnispflichtige T\u00e4tigkeit: T\u00e4tigkeit nach \u00a7 34c der Gewerbeordnung Erlaubnis nach \u00a734c (1) Nr. 1 und 3b Gewerbeordnung ausgestellt von der Freien und Hansestadt Hamburg Bezirksamt Eimsb\u00fcttel am [&hellip;]<\/p>\n","protected":false},"author":1,"featured_media":0,"parent":0,"menu_order":0,"comment_status":"closed","ping_status":"closed","template":"","meta":{"footnotes":""},"class_list":["post-569","page","type-page","status-publish","hentry"],"_links":{"self":[{"href":"https:\/\/wertxpertise.de\/beispielhomepage_etw_2\/index.php\/wp-json\/wp\/v2\/pages\/569","targetHints":{"allow":["GET"]}}],"collection":[{"href":"https:\/\/wertxpertise.de\/beispielhomepage_etw_2\/index.php\/wp-json\/wp\/v2\/pages"}],"about":[{"href":"https:\/\/wertxpertise.de\/beispielhomepage_etw_2\/index.php\/wp-json\/wp\/v2\/types\/page"}],"author":[{"embeddable":true,"href":"https:\/\/wertxpertise.de\/beispielhomepage_etw_2\/index.php\/wp-json\/wp\/v2\/users\/1"}],"replies":[{"embeddable":true,"href":"https:\/\/wertxpertise.de\/beispielhomepage_etw_2\/index.php\/wp-json\/wp\/v2\/comments?post=569"}],"version-history":[{"count":12,"href":"https:\/\/wertxpertise.de\/beispielhomepage_etw_2\/index.php\/wp-json\/wp\/v2\/pages\/569\/revisions"}],"predecessor-version":[{"id":2491,"href":"https:\/\/wertxpertise.de\/beispielhomepage_etw_2\/index.php\/wp-json\/wp\/v2\/pages\/569\/revisions\/2491"}],"wp:attachment":[{"href":"https:\/\/wertxpertise.de\/beispielhomepage_etw_2\/index.php\/wp-json\/wp\/v2\/media?parent=569"}],"curies":[{"name":"wp","href":"https:\/\/api.w.org\/{rel}","templated":true}]}}